{"id":16,"date":"2018-01-30T09:02:14","date_gmt":"2018-01-30T09:02:14","guid":{"rendered":"http:\/\/asociatia-bruna.ro\/?page_id=16"},"modified":"2018-02-01T13:14:42","modified_gmt":"2018-02-01T13:14:42","slug":"cop","status":"publish","type":"page","link":"https:\/\/asociatia-bruna.ro\/index.php\/cop\/","title":{"rendered":"COP"},"content":{"rendered":"<h1>Documente<\/h1>\n<h2>Declara\u021bie pe propria r\u0103spundere<\/h2>\n<p><a href=\"http:\/\/asociatia-bruna.ro\/wp-content\/uploads\/2018\/01\/docs\/declaratie_pe_propria_raspundere.pdf\" target=\"_blank\" rel=\"noopener\">Download<\/a><\/p>\n<h2>Procedura inscrierii taurinelor \u00een registrul genealogic \u0219i controlul oficial al performan\u021belor<\/h2>\n<p><a href=\"http:\/\/asociatia-bruna.ro\/wp-content\/uploads\/2018\/01\/docs\/procedura_inscriere_taurine.pdf\" target=\"_blank\" rel=\"noopener\">Download<\/a><\/p>\n<h2>Tabel cu animale pentru \u00eenscrierea \u00een COP<\/h2>\n<p><a href=\"http:\/\/asociatia-bruna.ro\/wp-content\/uploads\/2018\/01\/docs\/tabel_cu_animale_pentru_inscriere.pdf\" target=\"_blank\" rel=\"noopener\">Download<\/a><\/p>\n<h2>Cerere pentru intrare \u00een COP<\/h2>\n<p><a href=\"http:\/\/asociatia-bruna.ro\/wp-content\/uploads\/2018\/01\/docs\/cerere_intrare_cop.pdf\" target=\"_blank\" rel=\"noopener\">Download<\/a><\/p>\n","protected":false},"excerpt":{"rendered":"<p>Documente Declara\u021bie pe propria r\u0103spundere Download Procedura inscrierii taurinelor \u00een registrul genealogic \u0219i controlul oficial al performan\u021belor Download Tabel cu animale pentru \u00eenscrierea \u00een COP Download Cerere pentru intrare \u00een COP Download<\/p>\n","protected":false},"author":1,"featured_media":0,"parent":0,"menu_order":0,"comment_status":"closed","ping_status":"closed","template":"","meta":[],"yoast_head":"<!-- This site is optimized with the Yoast SEO plugin v17.7.1 - https:\/\/yoast.com\/wordpress\/plugins\/seo\/ -->\n<title>COP | Asocia\u021bia Bruna Schwyz Maramure\u0219<\/title>\n<meta name=\"robots\" content=\"index, follow, max-snippet:-1, max-image-preview:large, max-video-preview:-1\" \/>\n<link rel=\"canonical\" href=\"https:\/\/asociatia-bruna.ro\/index.php\/cop\/\" \/>\n<meta property=\"og:locale\" content=\"en_US\" \/>\n<meta property=\"og:type\" content=\"article\" \/>\n<meta property=\"og:title\" content=\"COP | Asocia\u021bia Bruna Schwyz Maramure\u0219\" \/>\n<meta property=\"og:description\" content=\"Documente Declara\u021bie pe propria r\u0103spundere Download Procedura inscrierii taurinelor \u00een registrul genealogic \u0219i controlul oficial al performan\u021belor Download Tabel cu animale pentru \u00eenscrierea \u00een COP Download Cerere pentru intrare \u00een COP Download\" \/>\n<meta property=\"og:url\" content=\"https:\/\/asociatia-bruna.ro\/index.php\/cop\/\" \/>\n<meta property=\"og:site_name\" content=\"Asocia\u021bia Bruna Schwyz Maramure\u0219\" \/>\n<meta property=\"article:modified_time\" content=\"2018-02-01T13:14:42+00:00\" \/>\n<meta name=\"twitter:card\" content=\"summary_large_image\" \/>\n<script type=\"application\/ld+json\" class=\"yoast-schema-graph\">{\"@context\":\"https:\/\/schema.org\",\"@graph\":[{\"@type\":\"WebSite\",\"@id\":\"https:\/\/asociatia-bruna.ro\/#website\",\"url\":\"https:\/\/asociatia-bruna.ro\/\",\"name\":\"Asocia\\u021bia Bruna Schwyz Maramure\\u0219\",\"description\":\"Scopul nostru este acela de a reprezenta interesele cresc\\u0103torilor \\u00een raport cu institu\\u021biile statului \\u0219i cu diver\\u0219i beneficiari, sprijinirea acestora \\u00een cre\\u0219terea numeric\\u0103 \\u0219i valoric\\u0103 a efectivelor de animale, valorificarea produc\\u021biilor ob\\u021binute, aprovizionarea cu furaje, \\u00eenlocuitori de lapte, ameliorarea efectivelor de animale.\",\"potentialAction\":[{\"@type\":\"SearchAction\",\"target\":{\"@type\":\"EntryPoint\",\"urlTemplate\":\"https:\/\/asociatia-bruna.ro\/?s={search_term_string}\"},\"query-input\":\"required name=search_term_string\"}],\"inLanguage\":\"en-US\"},{\"@type\":\"WebPage\",\"@id\":\"https:\/\/asociatia-bruna.ro\/index.php\/cop\/#webpage\",\"url\":\"https:\/\/asociatia-bruna.ro\/index.php\/cop\/\",\"name\":\"COP | Asocia\\u021bia Bruna Schwyz Maramure\\u0219\",\"isPartOf\":{\"@id\":\"https:\/\/asociatia-bruna.ro\/#website\"},\"datePublished\":\"2018-01-30T09:02:14+00:00\",\"dateModified\":\"2018-02-01T13:14:42+00:00\",\"breadcrumb\":{\"@id\":\"https:\/\/asociatia-bruna.ro\/index.php\/cop\/#breadcrumb\"},\"inLanguage\":\"en-US\",\"potentialAction\":[{\"@type\":\"ReadAction\",\"target\":[\"https:\/\/asociatia-bruna.ro\/index.php\/cop\/\"]}]},{\"@type\":\"BreadcrumbList\",\"@id\":\"https:\/\/asociatia-bruna.ro\/index.php\/cop\/#breadcrumb\",\"itemListElement\":[{\"@type\":\"ListItem\",\"position\":1,\"name\":\"Home\",\"item\":\"https:\/\/asociatia-bruna.ro\/\"},{\"@type\":\"ListItem\",\"position\":2,\"name\":\"COP\"}]}]}<\/script>\n<!-- \/ Yoast SEO plugin. -->","yoast_head_json":{"title":"COP | Asocia\u021bia Bruna Schwyz Maramure\u0219","robots":{"index":"index","follow":"follow","max-snippet":"max-snippet:-1","max-image-preview":"max-image-preview:large","max-video-preview":"max-video-preview:-1"},"canonical":"https:\/\/asociatia-bruna.ro\/index.php\/cop\/","og_locale":"en_US","og_type":"article","og_title":"COP | Asocia\u021bia Bruna Schwyz Maramure\u0219","og_description":"Documente Declara\u021bie pe propria r\u0103spundere Download Procedura inscrierii taurinelor \u00een registrul genealogic \u0219i controlul oficial al performan\u021belor Download Tabel cu animale pentru \u00eenscrierea \u00een COP Download Cerere pentru intrare \u00een COP Download","og_url":"https:\/\/asociatia-bruna.ro\/index.php\/cop\/","og_site_name":"Asocia\u021bia Bruna Schwyz Maramure\u0219","article_modified_time":"2018-02-01T13:14:42+00:00","twitter_card":"summary_large_image","schema":{"@context":"https:\/\/schema.org","@graph":[{"@type":"WebSite","@id":"https:\/\/asociatia-bruna.ro\/#website","url":"https:\/\/asociatia-bruna.ro\/","name":"Asocia\u021bia Bruna Schwyz Maramure\u0219","description":"Scopul nostru este acela de a reprezenta interesele cresc\u0103torilor \u00een raport cu institu\u021biile statului \u0219i cu diver\u0219i beneficiari, sprijinirea acestora \u00een cre\u0219terea numeric\u0103 \u0219i valoric\u0103 a efectivelor de animale, valorificarea produc\u021biilor ob\u021binute, aprovizionarea cu furaje, \u00eenlocuitori de lapte, ameliorarea efectivelor de animale.","potentialAction":[{"@type":"SearchAction","target":{"@type":"EntryPoint","urlTemplate":"https:\/\/asociatia-bruna.ro\/?s={search_term_string}"},"query-input":"required name=search_term_string"}],"inLanguage":"en-US"},{"@type":"WebPage","@id":"https:\/\/asociatia-bruna.ro\/index.php\/cop\/#webpage","url":"https:\/\/asociatia-bruna.ro\/index.php\/cop\/","name":"COP | Asocia\u021bia Bruna Schwyz Maramure\u0219","isPartOf":{"@id":"https:\/\/asociatia-bruna.ro\/#website"},"datePublished":"2018-01-30T09:02:14+00:00","dateModified":"2018-02-01T13:14:42+00:00","breadcrumb":{"@id":"https:\/\/asociatia-bruna.ro\/index.php\/cop\/#breadcrumb"},"inLanguage":"en-US","potentialAction":[{"@type":"ReadAction","target":["https:\/\/asociatia-bruna.ro\/index.php\/cop\/"]}]},{"@type":"BreadcrumbList","@id":"https:\/\/asociatia-bruna.ro\/index.php\/cop\/#breadcrumb","itemListElement":[{"@type":"ListItem","position":1,"name":"Home","item":"https:\/\/asociatia-bruna.ro\/"},{"@type":"ListItem","position":2,"name":"COP"}]}]}},"_links":{"self":[{"href":"https:\/\/asociatia-bruna.ro\/index.php\/wp-json\/wp\/v2\/pages\/16"}],"collection":[{"href":"https:\/\/asociatia-bruna.ro\/index.php\/wp-json\/wp\/v2\/pages"}],"about":[{"href":"https:\/\/asociatia-bruna.ro\/index.php\/wp-json\/wp\/v2\/types\/page"}],"author":[{"embeddable":true,"href":"https:\/\/asociatia-bruna.ro\/index.php\/wp-json\/wp\/v2\/users\/1"}],"replies":[{"embeddable":true,"href":"https:\/\/asociatia-bruna.ro\/index.php\/wp-json\/wp\/v2\/comments?post=16"}],"version-history":[{"count":3,"href":"https:\/\/asociatia-bruna.ro\/index.php\/wp-json\/wp\/v2\/pages\/16\/revisions"}],"predecessor-version":[{"id":141,"href":"https:\/\/asociatia-bruna.ro\/index.php\/wp-json\/wp\/v2\/pages\/16\/revisions\/141"}],"wp:attachment":[{"href":"https:\/\/asociatia-bruna.ro\/index.php\/wp-json\/wp\/v2\/media?parent=16"}],"curies":[{"name":"wp","href":"https:\/\/api.w.org\/{rel}","templated":true}]}}