{"id":270,"date":"2023-12-12T16:07:43","date_gmt":"2023-12-12T16:07:43","guid":{"rendered":"https:\/\/asociatia-bruna.ro\/?page_id=270"},"modified":"2023-12-13T07:06:56","modified_gmt":"2023-12-13T07:06:56","slug":"european-conference-2023","status":"publish","type":"page","link":"https:\/\/asociatia-bruna.ro\/index.php\/european-conference-2023\/","title":{"rendered":"European Conference 2023"},"content":{"rendered":"<p style=\"text-align: center;\"><strong>European Brown Swiss Conference<\/strong><br><strong>Conferinta Europeana &#8211; rasa Bruna<\/strong><br>Baia Mare &#8211; Romania<br>18-20 Octombrie 2023<\/p>\n\n<ul class=\"wp-block-latest-posts__list wp-block-latest-posts\"><li><div class=\"wp-block-latest-posts__featured-image aligncenter\"><img width=\"680\" height=\"453\" src=\"https:\/\/asociatia-bruna.ro\/wp-content\/uploads\/2023\/12\/1_ECB2023.jpg\" class=\"attachment-large size-large wp-post-image\" alt=\"\" loading=\"lazy\" style=\"\" srcset=\"https:\/\/asociatia-bruna.ro\/wp-content\/uploads\/2023\/12\/1_ECB2023.jpg 810w, https:\/\/asociatia-bruna.ro\/wp-content\/uploads\/2023\/12\/1_ECB2023-300x200.jpg 300w, https:\/\/asociatia-bruna.ro\/wp-content\/uploads\/2023\/12\/1_ECB2023-768x512.jpg 768w\" sizes=\"(max-width: 680px) 100vw, 680px\" \/><\/div><a href=\"https:\/\/asociatia-bruna.ro\/index.php\/2023\/12\/12\/in-drum-spre-conferinta-europeana\/\">In drum spre Conferinta Europeana<\/a><div class=\"wp-block-latest-posts__post-excerpt\">&nbsp;In drum spre Confeinta Europeana pentru rasa Bruna cu familiile Mununar \u0219i Petre \u0219i M\u0103riu\u021ba Pop- loc Mara- MM<\/div><\/li>\n<li><div class=\"wp-block-latest-posts__featured-image aligncenter\"><img width=\"680\" height=\"680\" src=\"https:\/\/asociatia-bruna.ro\/wp-content\/uploads\/2023\/12\/2_ecb1-1024x1024.jpg\" class=\"attachment-large size-large wp-post-image\" alt=\"\" loading=\"lazy\" style=\"\" srcset=\"https:\/\/asociatia-bruna.ro\/wp-content\/uploads\/2023\/12\/2_ecb1-1024x1024.jpg 1024w, https:\/\/asociatia-bruna.ro\/wp-content\/uploads\/2023\/12\/2_ecb1-300x300.jpg 300w, https:\/\/asociatia-bruna.ro\/wp-content\/uploads\/2023\/12\/2_ecb1-150x150.jpg 150w, https:\/\/asociatia-bruna.ro\/wp-content\/uploads\/2023\/12\/2_ecb1-768x768.jpg 768w, https:\/\/asociatia-bruna.ro\/wp-content\/uploads\/2023\/12\/2_ecb1.jpg 1440w\" sizes=\"(max-width: 680px) 100vw, 680px\" \/><\/div><a href=\"https:\/\/asociatia-bruna.ro\/index.php\/2023\/12\/13\/la-deschiderea-oficiala\/\">La deschiderea oficial\u0103<\/a><div class=\"wp-block-latest-posts__post-excerpt\">\u00a0Conferin\u021ba European\u0103 &#8211; rasa Brun\u0103 Baia Mare- Rom\u00e2nia &#8211; 18-20 Oct. 2023<\/div><\/li>\n<li><div class=\"wp-block-latest-posts__featured-image aligncenter\"><img width=\"680\" height=\"510\" src=\"https:\/\/asociatia-bruna.ro\/wp-content\/uploads\/2023\/12\/3_ecb4.jpg\" class=\"attachment-large size-large wp-post-image\" alt=\"\" loading=\"lazy\" style=\"\" srcset=\"https:\/\/asociatia-bruna.ro\/wp-content\/uploads\/2023\/12\/3_ecb4.jpg 960w, https:\/\/asociatia-bruna.ro\/wp-content\/uploads\/2023\/12\/3_ecb4-300x225.jpg 300w, https:\/\/asociatia-bruna.ro\/wp-content\/uploads\/2023\/12\/3_ecb4-768x576.jpg 768w\" sizes=\"(max-width: 680px) 100vw, 680px\" \/><\/div><a href=\"https:\/\/asociatia-bruna.ro\/index.php\/2023\/12\/13\/delegati\/\">Delegati<\/a><div class=\"wp-block-latest-posts__post-excerpt\">Peste 100 de delegati din principalele tari europene si Romania , reprezentanti ai unor institutii si companii la nivel national si regional, cercetatori, fermieri, s.a.m.d<\/div><\/li>\n<li><div class=\"wp-block-latest-posts__featured-image aligncenter\"><img width=\"680\" height=\"511\" src=\"https:\/\/asociatia-bruna.ro\/wp-content\/uploads\/2023\/12\/4_ecb1.jpg\" class=\"attachment-large size-large wp-post-image\" alt=\"\" loading=\"lazy\" style=\"\" srcset=\"https:\/\/asociatia-bruna.ro\/wp-content\/uploads\/2023\/12\/4_ecb1.jpg 960w, https:\/\/asociatia-bruna.ro\/wp-content\/uploads\/2023\/12\/4_ecb1-300x225.jpg 300w, https:\/\/asociatia-bruna.ro\/wp-content\/uploads\/2023\/12\/4_ecb1-768x577.jpg 768w\" sizes=\"(max-width: 680px) 100vw, 680px\" \/><\/div><a href=\"https:\/\/asociatia-bruna.ro\/index.php\/2023\/12\/13\/presedintii-asociatiilor-reprezentative-rasa-bruna\/\">Presedintii Asocia\u021biilor reprezentative rasa Bruna<\/a><div class=\"wp-block-latest-posts__post-excerpt\">Presedintii Asocia\u021biilor reprezentative rasa Bruna: Elvetia, Italia , Rom\u00e2nia, Franta, Germania, Slovenia, Spania, Ucraina<\/div><\/li>\n<li><div class=\"wp-block-latest-posts__featured-image aligncenter\"><img width=\"680\" height=\"453\" src=\"https:\/\/asociatia-bruna.ro\/wp-content\/uploads\/2023\/12\/5_ecb2.jpg\" class=\"attachment-large size-large wp-post-image\" alt=\"\" loading=\"lazy\" style=\"\" srcset=\"https:\/\/asociatia-bruna.ro\/wp-content\/uploads\/2023\/12\/5_ecb2.jpg 960w, https:\/\/asociatia-bruna.ro\/wp-content\/uploads\/2023\/12\/5_ecb2-300x200.jpg 300w, https:\/\/asociatia-bruna.ro\/wp-content\/uploads\/2023\/12\/5_ecb2-768x512.jpg 768w\" sizes=\"(max-width: 680px) 100vw, 680px\" \/><\/div><a href=\"https:\/\/asociatia-bruna.ro\/index.php\/2023\/12\/13\/expo-bruna-zonal\/\">Expo Bruna Zonal<\/a><div class=\"wp-block-latest-posts__post-excerpt\">\u00a0Expo Bruna Zonal &#8211; S\u0103p\u00e2nta 20.Oct. 2023<\/div><\/li>\n<li><div class=\"wp-block-latest-posts__featured-image aligncenter\"><img width=\"680\" height=\"551\" src=\"https:\/\/asociatia-bruna.ro\/wp-content\/uploads\/2023\/12\/6_ecb1.jpg\" class=\"attachment-large size-large wp-post-image\" alt=\"\" loading=\"lazy\" style=\"\" srcset=\"https:\/\/asociatia-bruna.ro\/wp-content\/uploads\/2023\/12\/6_ecb1.jpg 960w, https:\/\/asociatia-bruna.ro\/wp-content\/uploads\/2023\/12\/6_ecb1-300x243.jpg 300w, https:\/\/asociatia-bruna.ro\/wp-content\/uploads\/2023\/12\/6_ecb1-768x622.jpg 768w\" sizes=\"(max-width: 680px) 100vw, 680px\" \/><\/div><a href=\"https:\/\/asociatia-bruna.ro\/index.php\/2023\/12\/13\/marele-premiu\/\">Marele premiu<\/a><div class=\"wp-block-latest-posts__post-excerpt\"><\/div><\/li>\n<li><div class=\"wp-block-latest-posts__featured-image aligncenter\"><img width=\"680\" height=\"954\" src=\"https:\/\/asociatia-bruna.ro\/wp-content\/uploads\/2023\/12\/7_ecb1.jpg\" class=\"attachment-large size-large wp-post-image\" alt=\"\" loading=\"lazy\" style=\"\" srcset=\"https:\/\/asociatia-bruna.ro\/wp-content\/uploads\/2023\/12\/7_ecb1.jpg 684w, https:\/\/asociatia-bruna.ro\/wp-content\/uploads\/2023\/12\/7_ecb1-214x300.jpg 214w\" sizes=\"(max-width: 680px) 100vw, 680px\" \/><\/div><a href=\"https:\/\/asociatia-bruna.ro\/index.php\/2023\/12\/13\/ecouri\/\">Ecouri<\/a><div class=\"wp-block-latest-posts__post-excerpt\"><\/div><\/li>\n<\/ul>","protected":false},"excerpt":{"rendered":"<p>European Brown Swiss ConferenceConferinta Europeana &#8211; rasa BrunaBaia Mare &#8211; Romania18-20 Octombrie 2023<\/p>\n","protected":false},"author":1,"featured_media":0,"parent":0,"menu_order":0,"comment_status":"closed","ping_status":"closed","template":"","meta":[],"yoast_head":"<!-- This site is optimized with the Yoast SEO plugin v17.7.1 - https:\/\/yoast.com\/wordpress\/plugins\/seo\/ -->\n<title>European Conference 2023 | Asocia\u021bia Bruna Schwyz Maramure\u0219<\/title>\n<meta name=\"robots\" content=\"index, follow, max-snippet:-1, max-image-preview:large, max-video-preview:-1\" \/>\n<link rel=\"canonical\" href=\"https:\/\/asociatia-bruna.ro\/index.php\/european-conference-2023\/\" \/>\n<meta property=\"og:locale\" content=\"en_US\" \/>\n<meta property=\"og:type\" content=\"article\" \/>\n<meta property=\"og:title\" content=\"European Conference 2023 | Asocia\u021bia Bruna Schwyz Maramure\u0219\" \/>\n<meta property=\"og:description\" content=\"European Brown Swiss ConferenceConferinta Europeana &#8211; rasa BrunaBaia Mare &#8211; Romania18-20 Octombrie 2023\" \/>\n<meta property=\"og:url\" content=\"https:\/\/asociatia-bruna.ro\/index.php\/european-conference-2023\/\" \/>\n<meta property=\"og:site_name\" content=\"Asocia\u021bia Bruna Schwyz Maramure\u0219\" \/>\n<meta property=\"article:modified_time\" content=\"2023-12-13T07:06:56+00:00\" \/>\n<meta name=\"twitter:card\" content=\"summary_large_image\" \/>\n<meta name=\"twitter:label1\" content=\"Est. reading time\" \/>\n\t<meta name=\"twitter:data1\" content=\"1 minute\" \/>\n<script type=\"application\/ld+json\" class=\"yoast-schema-graph\">{\"@context\":\"https:\/\/schema.org\",\"@graph\":[{\"@type\":\"WebSite\",\"@id\":\"https:\/\/asociatia-bruna.ro\/#website\",\"url\":\"https:\/\/asociatia-bruna.ro\/\",\"name\":\"Asocia\\u021bia Bruna Schwyz Maramure\\u0219\",\"description\":\"Scopul nostru este acela de a reprezenta interesele cresc\\u0103torilor \\u00een raport cu institu\\u021biile statului \\u0219i cu diver\\u0219i beneficiari, sprijinirea acestora \\u00een cre\\u0219terea numeric\\u0103 \\u0219i valoric\\u0103 a efectivelor de animale, valorificarea produc\\u021biilor ob\\u021binute, aprovizionarea cu furaje, \\u00eenlocuitori de lapte, ameliorarea efectivelor de animale.\",\"potentialAction\":[{\"@type\":\"SearchAction\",\"target\":{\"@type\":\"EntryPoint\",\"urlTemplate\":\"https:\/\/asociatia-bruna.ro\/?s={search_term_string}\"},\"query-input\":\"required name=search_term_string\"}],\"inLanguage\":\"en-US\"},{\"@type\":\"WebPage\",\"@id\":\"https:\/\/asociatia-bruna.ro\/index.php\/european-conference-2023\/#webpage\",\"url\":\"https:\/\/asociatia-bruna.ro\/index.php\/european-conference-2023\/\",\"name\":\"European Conference 2023 | Asocia\\u021bia Bruna Schwyz Maramure\\u0219\",\"isPartOf\":{\"@id\":\"https:\/\/asociatia-bruna.ro\/#website\"},\"datePublished\":\"2023-12-12T16:07:43+00:00\",\"dateModified\":\"2023-12-13T07:06:56+00:00\",\"breadcrumb\":{\"@id\":\"https:\/\/asociatia-bruna.ro\/index.php\/european-conference-2023\/#breadcrumb\"},\"inLanguage\":\"en-US\",\"potentialAction\":[{\"@type\":\"ReadAction\",\"target\":[\"https:\/\/asociatia-bruna.ro\/index.php\/european-conference-2023\/\"]}]},{\"@type\":\"BreadcrumbList\",\"@id\":\"https:\/\/asociatia-bruna.ro\/index.php\/european-conference-2023\/#breadcrumb\",\"itemListElement\":[{\"@type\":\"ListItem\",\"position\":1,\"name\":\"Home\",\"item\":\"https:\/\/asociatia-bruna.ro\/\"},{\"@type\":\"ListItem\",\"position\":2,\"name\":\"European Conference 2023\"}]}]}<\/script>\n<!-- \/ Yoast SEO plugin. -->","yoast_head_json":{"title":"European Conference 2023 | Asocia\u021bia Bruna Schwyz Maramure\u0219","robots":{"index":"index","follow":"follow","max-snippet":"max-snippet:-1","max-image-preview":"max-image-preview:large","max-video-preview":"max-video-preview:-1"},"canonical":"https:\/\/asociatia-bruna.ro\/index.php\/european-conference-2023\/","og_locale":"en_US","og_type":"article","og_title":"European Conference 2023 | Asocia\u021bia Bruna Schwyz Maramure\u0219","og_description":"European Brown Swiss ConferenceConferinta Europeana &#8211; rasa BrunaBaia Mare &#8211; Romania18-20 Octombrie 2023","og_url":"https:\/\/asociatia-bruna.ro\/index.php\/european-conference-2023\/","og_site_name":"Asocia\u021bia Bruna Schwyz Maramure\u0219","article_modified_time":"2023-12-13T07:06:56+00:00","twitter_card":"summary_large_image","twitter_misc":{"Est. reading time":"1 minute"},"schema":{"@context":"https:\/\/schema.org","@graph":[{"@type":"WebSite","@id":"https:\/\/asociatia-bruna.ro\/#website","url":"https:\/\/asociatia-bruna.ro\/","name":"Asocia\u021bia Bruna Schwyz Maramure\u0219","description":"Scopul nostru este acela de a reprezenta interesele cresc\u0103torilor \u00een raport cu institu\u021biile statului \u0219i cu diver\u0219i beneficiari, sprijinirea acestora \u00een cre\u0219terea numeric\u0103 \u0219i valoric\u0103 a efectivelor de animale, valorificarea produc\u021biilor ob\u021binute, aprovizionarea cu furaje, \u00eenlocuitori de lapte, ameliorarea efectivelor de animale.","potentialAction":[{"@type":"SearchAction","target":{"@type":"EntryPoint","urlTemplate":"https:\/\/asociatia-bruna.ro\/?s={search_term_string}"},"query-input":"required name=search_term_string"}],"inLanguage":"en-US"},{"@type":"WebPage","@id":"https:\/\/asociatia-bruna.ro\/index.php\/european-conference-2023\/#webpage","url":"https:\/\/asociatia-bruna.ro\/index.php\/european-conference-2023\/","name":"European Conference 2023 | Asocia\u021bia Bruna Schwyz Maramure\u0219","isPartOf":{"@id":"https:\/\/asociatia-bruna.ro\/#website"},"datePublished":"2023-12-12T16:07:43+00:00","dateModified":"2023-12-13T07:06:56+00:00","breadcrumb":{"@id":"https:\/\/asociatia-bruna.ro\/index.php\/european-conference-2023\/#breadcrumb"},"inLanguage":"en-US","potentialAction":[{"@type":"ReadAction","target":["https:\/\/asociatia-bruna.ro\/index.php\/european-conference-2023\/"]}]},{"@type":"BreadcrumbList","@id":"https:\/\/asociatia-bruna.ro\/index.php\/european-conference-2023\/#breadcrumb","itemListElement":[{"@type":"ListItem","position":1,"name":"Home","item":"https:\/\/asociatia-bruna.ro\/"},{"@type":"ListItem","position":2,"name":"European Conference 2023"}]}]}},"_links":{"self":[{"href":"https:\/\/asociatia-bruna.ro\/index.php\/wp-json\/wp\/v2\/pages\/270"}],"collection":[{"href":"https:\/\/asociatia-bruna.ro\/index.php\/wp-json\/wp\/v2\/pages"}],"about":[{"href":"https:\/\/asociatia-bruna.ro\/index.php\/wp-json\/wp\/v2\/types\/page"}],"author":[{"embeddable":true,"href":"https:\/\/asociatia-bruna.ro\/index.php\/wp-json\/wp\/v2\/users\/1"}],"replies":[{"embeddable":true,"href":"https:\/\/asociatia-bruna.ro\/index.php\/wp-json\/wp\/v2\/comments?post=270"}],"version-history":[{"count":6,"href":"https:\/\/asociatia-bruna.ro\/index.php\/wp-json\/wp\/v2\/pages\/270\/revisions"}],"predecessor-version":[{"id":322,"href":"https:\/\/asociatia-bruna.ro\/index.php\/wp-json\/wp\/v2\/pages\/270\/revisions\/322"}],"wp:attachment":[{"href":"https:\/\/asociatia-bruna.ro\/index.php\/wp-json\/wp\/v2\/media?parent=270"}],"curies":[{"name":"wp","href":"https:\/\/api.w.org\/{rel}","templated":true}]}}