{"id":4,"date":"2018-01-30T09:02:10","date_gmt":"2018-01-30T09:02:10","guid":{"rendered":"http:\/\/asociatia-bruna.ro\/?page_id=4"},"modified":"2018-02-01T07:09:31","modified_gmt":"2018-02-01T07:09:31","slug":"acasa","status":"publish","type":"page","link":"https:\/\/asociatia-bruna.ro\/","title":{"rendered":"Acasa"},"content":{"rendered":"<p style=\"text-align: center;\"><strong>Bruna de Maramure\u015f \u2013 55 de ani<\/strong><\/p>\n<div class=\"row\">\n<div class=\"col-sm-12 col-xs-12 col-md-6  col-lg-6 \" style=\"text-align: justify;\">\n<strong>&nbsp;1881<\/strong> &#8211; Primele informa\u0163ii despre taurinele de ras\u0103<br \/>\nBrun\u0103, variet\u0103\u0163ile Algau, Montafon \u015fi Inntal aduse<br \/>\nprin lucr\u0103torii speciali\u015fti forestieri austrieci stabili\u0163i<br \/>\n\u00een zona Maramure\u015fului Istoric.<br \/>\n<strong>&nbsp;1883<\/strong> &#8211; Aprecierea de care s-a bucurat rasa Brun\u0103,<br \/>\na f\u0103cut ca Ocoalele Silvice Sighet \u015fi Vi\u015feu s\u0103<br \/>\nfavorizeze importurile de vaci, juninci \u015fi tauri.<br \/>\nReproduc\u0103tori masculi se distribuie \u00een Mara,<br \/>\nBerbe\u015fti,Giule\u015fti, Cuhea, Dragomire\u015fti \u015f.a. pentru<br \/>\n\u00eencruci\u015f\u0103ri cu Sura de Step\u0103 mai ales cu Sura de<br \/>\nMunte.(Moc\u0103ni\u0163a)<br \/>\n<strong>&nbsp;1900<\/strong> &#8211; la S\u0103p\u00e2n\u0163a se \u00eenfiin\u0163eaz\u0103 o ferm\u0103 de 25 de<br \/>\nvaci \u015fi un taur.<br \/>\n<strong>&nbsp;1904<\/strong> &#8211; \u00eencep\u00e2nd cu acest an se import\u0103 din Elve\u0163ia<br \/>\n\u015fi Austria circa 300-400 animale de reproduc\u0163ie,<br \/>\nfemele si masculi. Statul suport\u0103 20% din valoarea<br \/>\nanimalelor si transportul lor, iar diferen\u0163a se<br \/>\npl\u0103te\u015fte \u00een rate de c\u0103tre cresc\u0103tori.<br \/>\n&#8211; se pun bazele controlului produc\u0163iei de lapte \u015fi<br \/>\n\u00eenscrierea \u00een registrul genealogic.<br \/>\n<strong>&nbsp;1911<\/strong> &#8211; statul organizeaz\u0103 la Vi\u015feul de Sus, muntele<br \/>\nLutoasa, o l\u0103pt\u0103rie dotat\u0103 cu toate-cele necesare<br \/>\n\u015fi amenaj\u0103ri pentru cre\u015fterea a 300 vaci ca model<br \/>\npentru cre\u015fterea rasei \u015fi valorificarea produc\u0163iei.<br \/>\n<strong>1921<\/strong> &#8211; apare \u201eLegea pentru \u00eembun\u0103t\u0103\u0163irea<br \/>\nanimalelor \u201e \u015fi \u201eProiectul de Statut al Sindicatului<br \/>\nComunal pentru cre\u015fterea \u015fi \u00eembun\u0103t\u0103\u0163irea<br \/>\nanimalelor \u015fi industrializarea cooperativ\u0103 a<br \/>\nproduselor lor\u201d<br \/>\n&#8211; se \u00eenfiin\u0163eaz\u0103 Comisia Zootehnic\u0103 a jude\u0163ului<br \/>\nMaramure\u015f<br \/>\n<strong>&nbsp;1924<\/strong> &#8211; se \u00eenfiin\u0163eaz\u0103 o Sta\u0163iune de mont\u0103 la Sighet<br \/>\n&#8211; se organizeaz\u0103 la Cluj: \u201ePrima expozi\u0163ie<br \/>\nzootehnic\u0103 a Ardealului \u015fi Banatului\u201d la care<br \/>\ncresc\u0103torii din Maramure\u015f particip\u0103 cu rasa<br \/>\n\u201eBrun\u0103\u201d.\n<\/div>\n<div class=\"col-lg-6 col-md-6 col-sm-12 col-xs-12\" style=\"text-align: justify;\">\n<strong>&nbsp;1925<\/strong> &#8211; se \u00eenfiin\u0163eaz\u0103 un depozit de tauri la Sighet.<br \/>\n<strong>&nbsp;1927<\/strong> &#8211; exist\u0103 cerin\u0163e de ras\u0103 \u201eBrun\u0103\u201d din<br \/>\nMaramure\u015f la export.<br \/>\n<strong>&nbsp;1928<\/strong> &#8211; apare prima schi\u0163\u0103 a h\u0103r\u0163ilor de zonare a<br \/>\nraselor, \u00een care apare \u015fi rasa \u201eBrun\u0103\u201d.<br \/>\n<strong>&nbsp;1941-1944<\/strong> \u2013 se extinde controlul produc\u0163iei de<br \/>\nlapte \u00een 19 localit\u0103\u0163i din jude\u0163ul Maramure\u015f pe un<br \/>\nefectiv de 1503 vaci din 1044 gospod\u0103rii.<\/p>\n<p><strong>&nbsp;1952<\/strong> &#8211; se introduce la Sighet, Registrul provizoriu<br \/>\nal vacilor supuse controlului \u015fi Registrul de<br \/>\n\u00eenscrierie a descenden\u0163ilor din p\u0103rin\u0163i cuprin\u015fi \u00een<br \/>\ncontrol.<br \/>\n<strong>&nbsp;1954-1955<\/strong> \u2013 controlul produc\u0163iei de lapte se<br \/>\nefectueaz\u0103 \u00een toate unit\u0103\u0163ile de stat \u015fi cooperatiste<br \/>\nprecum \u015fi la gospod\u0103riile popula\u0163iei.<br \/>\n\u2022 Bonitarea \u015fi clasarea vacilor \u015fi tineretului<br \/>\ncu eliberare de certificat de origine.<br \/>\n\u2022 Acordarea de prime din partea statului<br \/>\n\u2022 \u00cen raioanele Sighet \u015fi Vi\u015feu se realizeaz\u0103<br \/>\nanual 2500 t\u0103ura\u015fi \u015fi 20.000 vi\u0163ele, din<br \/>\ncare 70% \u00een zona Sighet.<br \/>\n<strong>1955<\/strong> &#8211; primul t\u00e2rg expozi\u0163ie la Sighet numai cu<br \/>\nrasa Brun\u0103.<br \/>\n<strong>&nbsp;1959<\/strong> &#8211; recunoa\u015fterea rasei Bruna de Maramure\u015f<br \/>\nca popula\u0163ie de sine st\u0103t\u0103toare<br \/>\n&#8211; primele cercet\u0103ri asupra rasei<br \/>\n<strong>1969<\/strong> &#8211; apare o nou\u0103 zonare a raselor pe teritoriul<br \/>\nRom\u00e2niei<br \/>\n<strong>&nbsp;1980<\/strong> &#8211; Elaborarea \u201eProgramului de ameliorare<br \/>\na rasei \u201eBruna de Maramure\u015f\u201d \u00een nord estul<br \/>\nTransilvaniei<br \/>\n&#8211; Ponderea rasei cre\u015fte la peste 30% din<br \/>\nefectivul de taurine \u00een Rom\u00e2nia<br \/>\n<strong>&nbsp;1990<\/strong> \u2013 Record absolut \u2013 vaca Iza (SCDB Sighet)<br \/>\nrealizeaz\u0103 o produc\u0163ie de 11.660 kg.lapte.<\/div>\n<\/div>\n","protected":false},"excerpt":{"rendered":"<p>Bruna de Maramure\u015f \u2013 55 de ani &nbsp;1881 &#8211; Primele informa\u0163ii despre taurinele de ras\u0103 Brun\u0103, variet\u0103\u0163ile Algau, Montafon \u015fi Inntal aduse prin lucr\u0103torii speciali\u015fti forestieri austrieci stabili\u0163i \u00een zona Maramure\u015fului Istoric. &nbsp;1883 &#8211; Aprecierea de care s-a bucurat rasa Brun\u0103, a f\u0103cut ca Ocoalele Silvice Sighet \u015fi Vi\u015feu s\u0103 favorizeze importurile de vaci, juninci [&hellip;]<\/p>\n","protected":false},"author":1,"featured_media":0,"parent":0,"menu_order":0,"comment_status":"closed","ping_status":"closed","template":"","meta":[],"yoast_head":"<!-- This site is optimized with the Yoast SEO plugin v17.7.1 - https:\/\/yoast.com\/wordpress\/plugins\/seo\/ -->\n<title>Asocia\u021bia Bruna Schwyz Maramure\u0219<\/title>\n<meta name=\"description\" content=\"Asocia\u021bia Bruna Schwyz Maramure\u0219 a fost \u00eenfiin\u021bat\u0103 la 20 Martie 1991, prima asocia\u021bie din jude\u021b \u0219i printre primele din \u021bar\u0103. Scopul nostru este acela de a reprezenta interesele cresc\u0103torilor \u00een raport cu institu\u021biile statului \u0219i cu diver\u0219i beneficiari, sprijinirea cresc\u0103torilor asocia\u021bi \u00een cre\u0219terea numeric\u0103, etc.\" \/>\n<meta name=\"robots\" content=\"index, follow, max-snippet:-1, max-image-preview:large, max-video-preview:-1\" \/>\n<link rel=\"canonical\" href=\"https:\/\/asociatia-bruna.ro\/\" \/>\n<meta property=\"og:locale\" content=\"en_US\" \/>\n<meta property=\"og:type\" content=\"article\" \/>\n<meta property=\"og:title\" content=\"Asocia\u021bia Bruna Schwyz Maramure\u0219\" \/>\n<meta property=\"og:description\" content=\"Asocia\u021bia Bruna Schwyz Maramure\u0219 a fost \u00eenfiin\u021bat\u0103 la 20 Martie 1991, prima asocia\u021bie din jude\u021b \u0219i printre primele din \u021bar\u0103. Scopul nostru este acela de a reprezenta interesele cresc\u0103torilor \u00een raport cu institu\u021biile statului \u0219i cu diver\u0219i beneficiari, sprijinirea cresc\u0103torilor asocia\u021bi \u00een cre\u0219terea numeric\u0103, etc.\" \/>\n<meta property=\"og:url\" content=\"https:\/\/asociatia-bruna.ro\/\" \/>\n<meta property=\"og:site_name\" content=\"Asocia\u021bia Bruna Schwyz Maramure\u0219\" \/>\n<meta property=\"article:modified_time\" content=\"2018-02-01T07:09:31+00:00\" \/>\n<meta name=\"twitter:card\" content=\"summary_large_image\" \/>\n<meta name=\"twitter:label1\" content=\"Est. reading time\" \/>\n\t<meta name=\"twitter:data1\" content=\"3 minutes\" \/>\n<script type=\"application\/ld+json\" class=\"yoast-schema-graph\">{\"@context\":\"https:\/\/schema.org\",\"@graph\":[{\"@type\":\"WebSite\",\"@id\":\"https:\/\/asociatia-bruna.ro\/#website\",\"url\":\"https:\/\/asociatia-bruna.ro\/\",\"name\":\"Asocia\\u021bia Bruna Schwyz Maramure\\u0219\",\"description\":\"Scopul nostru este acela de a reprezenta interesele cresc\\u0103torilor \\u00een raport cu institu\\u021biile statului \\u0219i cu diver\\u0219i beneficiari, sprijinirea acestora \\u00een cre\\u0219terea numeric\\u0103 \\u0219i valoric\\u0103 a efectivelor de animale, valorificarea produc\\u021biilor ob\\u021binute, aprovizionarea cu furaje, \\u00eenlocuitori de lapte, ameliorarea efectivelor de animale.\",\"potentialAction\":[{\"@type\":\"SearchAction\",\"target\":{\"@type\":\"EntryPoint\",\"urlTemplate\":\"https:\/\/asociatia-bruna.ro\/?s={search_term_string}\"},\"query-input\":\"required name=search_term_string\"}],\"inLanguage\":\"en-US\"},{\"@type\":\"WebPage\",\"@id\":\"https:\/\/asociatia-bruna.ro\/#webpage\",\"url\":\"https:\/\/asociatia-bruna.ro\/\",\"name\":\"Asocia\\u021bia Bruna Schwyz Maramure\\u0219\",\"isPartOf\":{\"@id\":\"https:\/\/asociatia-bruna.ro\/#website\"},\"datePublished\":\"2018-01-30T09:02:10+00:00\",\"dateModified\":\"2018-02-01T07:09:31+00:00\",\"description\":\"Asocia\\u021bia Bruna Schwyz Maramure\\u0219 a fost \\u00eenfiin\\u021bat\\u0103 la 20 Martie 1991, prima asocia\\u021bie din jude\\u021b \\u0219i printre primele din \\u021bar\\u0103. Scopul nostru este acela de a reprezenta interesele cresc\\u0103torilor \\u00een raport cu institu\\u021biile statului \\u0219i cu diver\\u0219i beneficiari, sprijinirea cresc\\u0103torilor asocia\\u021bi \\u00een cre\\u0219terea numeric\\u0103, etc.\",\"breadcrumb\":{\"@id\":\"https:\/\/asociatia-bruna.ro\/#breadcrumb\"},\"inLanguage\":\"en-US\",\"potentialAction\":[{\"@type\":\"ReadAction\",\"target\":[\"https:\/\/asociatia-bruna.ro\/\"]}]},{\"@type\":\"BreadcrumbList\",\"@id\":\"https:\/\/asociatia-bruna.ro\/#breadcrumb\",\"itemListElement\":[{\"@type\":\"ListItem\",\"position\":1,\"name\":\"Home\",\"item\":\"https:\/\/asociatia-bruna.ro\/\"},{\"@type\":\"ListItem\",\"position\":2,\"name\":\"Acasa\"}]}]}<\/script>\n<!-- \/ Yoast SEO plugin. -->","yoast_head_json":{"title":"Asocia\u021bia Bruna Schwyz Maramure\u0219","description":"Asocia\u021bia Bruna Schwyz Maramure\u0219 a fost \u00eenfiin\u021bat\u0103 la 20 Martie 1991, prima asocia\u021bie din jude\u021b \u0219i printre primele din \u021bar\u0103. Scopul nostru este acela de a reprezenta interesele cresc\u0103torilor \u00een raport cu institu\u021biile statului \u0219i cu diver\u0219i beneficiari, sprijinirea cresc\u0103torilor asocia\u021bi \u00een cre\u0219terea numeric\u0103, etc.","robots":{"index":"index","follow":"follow","max-snippet":"max-snippet:-1","max-image-preview":"max-image-preview:large","max-video-preview":"max-video-preview:-1"},"canonical":"https:\/\/asociatia-bruna.ro\/","og_locale":"en_US","og_type":"article","og_title":"Asocia\u021bia Bruna Schwyz Maramure\u0219","og_description":"Asocia\u021bia Bruna Schwyz Maramure\u0219 a fost \u00eenfiin\u021bat\u0103 la 20 Martie 1991, prima asocia\u021bie din jude\u021b \u0219i printre primele din \u021bar\u0103. Scopul nostru este acela de a reprezenta interesele cresc\u0103torilor \u00een raport cu institu\u021biile statului \u0219i cu diver\u0219i beneficiari, sprijinirea cresc\u0103torilor asocia\u021bi \u00een cre\u0219terea numeric\u0103, etc.","og_url":"https:\/\/asociatia-bruna.ro\/","og_site_name":"Asocia\u021bia Bruna Schwyz Maramure\u0219","article_modified_time":"2018-02-01T07:09:31+00:00","twitter_card":"summary_large_image","twitter_misc":{"Est. reading time":"3 minutes"},"schema":{"@context":"https:\/\/schema.org","@graph":[{"@type":"WebSite","@id":"https:\/\/asociatia-bruna.ro\/#website","url":"https:\/\/asociatia-bruna.ro\/","name":"Asocia\u021bia Bruna Schwyz Maramure\u0219","description":"Scopul nostru este acela de a reprezenta interesele cresc\u0103torilor \u00een raport cu institu\u021biile statului \u0219i cu diver\u0219i beneficiari, sprijinirea acestora \u00een cre\u0219terea numeric\u0103 \u0219i valoric\u0103 a efectivelor de animale, valorificarea produc\u021biilor ob\u021binute, aprovizionarea cu furaje, \u00eenlocuitori de lapte, ameliorarea efectivelor de animale.","potentialAction":[{"@type":"SearchAction","target":{"@type":"EntryPoint","urlTemplate":"https:\/\/asociatia-bruna.ro\/?s={search_term_string}"},"query-input":"required name=search_term_string"}],"inLanguage":"en-US"},{"@type":"WebPage","@id":"https:\/\/asociatia-bruna.ro\/#webpage","url":"https:\/\/asociatia-bruna.ro\/","name":"Asocia\u021bia Bruna Schwyz Maramure\u0219","isPartOf":{"@id":"https:\/\/asociatia-bruna.ro\/#website"},"datePublished":"2018-01-30T09:02:10+00:00","dateModified":"2018-02-01T07:09:31+00:00","description":"Asocia\u021bia Bruna Schwyz Maramure\u0219 a fost \u00eenfiin\u021bat\u0103 la 20 Martie 1991, prima asocia\u021bie din jude\u021b \u0219i printre primele din \u021bar\u0103. Scopul nostru este acela de a reprezenta interesele cresc\u0103torilor \u00een raport cu institu\u021biile statului \u0219i cu diver\u0219i beneficiari, sprijinirea cresc\u0103torilor asocia\u021bi \u00een cre\u0219terea numeric\u0103, etc.","breadcrumb":{"@id":"https:\/\/asociatia-bruna.ro\/#breadcrumb"},"inLanguage":"en-US","potentialAction":[{"@type":"ReadAction","target":["https:\/\/asociatia-bruna.ro\/"]}]},{"@type":"BreadcrumbList","@id":"https:\/\/asociatia-bruna.ro\/#breadcrumb","itemListElement":[{"@type":"ListItem","position":1,"name":"Home","item":"https:\/\/asociatia-bruna.ro\/"},{"@type":"ListItem","position":2,"name":"Acasa"}]}]}},"_links":{"self":[{"href":"https:\/\/asociatia-bruna.ro\/index.php\/wp-json\/wp\/v2\/pages\/4"}],"collection":[{"href":"https:\/\/asociatia-bruna.ro\/index.php\/wp-json\/wp\/v2\/pages"}],"about":[{"href":"https:\/\/asociatia-bruna.ro\/index.php\/wp-json\/wp\/v2\/types\/page"}],"author":[{"embeddable":true,"href":"https:\/\/asociatia-bruna.ro\/index.php\/wp-json\/wp\/v2\/users\/1"}],"replies":[{"embeddable":true,"href":"https:\/\/asociatia-bruna.ro\/index.php\/wp-json\/wp\/v2\/comments?post=4"}],"version-history":[{"count":7,"href":"https:\/\/asociatia-bruna.ro\/index.php\/wp-json\/wp\/v2\/pages\/4\/revisions"}],"predecessor-version":[{"id":104,"href":"https:\/\/asociatia-bruna.ro\/index.php\/wp-json\/wp\/v2\/pages\/4\/revisions\/104"}],"wp:attachment":[{"href":"https:\/\/asociatia-bruna.ro\/index.php\/wp-json\/wp\/v2\/media?parent=4"}],"curies":[{"name":"wp","href":"https:\/\/api.w.org\/{rel}","templated":true}]}}