{"id":9,"date":"2018-01-30T09:02:11","date_gmt":"2018-01-30T09:02:11","guid":{"rendered":"http:\/\/asociatia-bruna.ro\/?page_id=9"},"modified":"2018-02-05T13:29:42","modified_gmt":"2018-02-05T13:29:42","slug":"despre-asociatie","status":"publish","type":"page","link":"https:\/\/asociatia-bruna.ro\/index.php\/asociatie\/despre-asociatie\/","title":{"rendered":"Despre Asociatie"},"content":{"rendered":"<div class=\"row\">\n<div class=\"col-lg-10 col-lg-offset-1\">\n<h2 style=\"text-align: center;\"><strong>Asocia\u021bia Cresc\u0103torilor de Taurine\u201dBruna-Schwyz\u201d- Maramure\u0219<\/strong><\/h2>\n<ul style=\"text-align: justify;\">\n<li>\u00eenfiin\u021bat\u0103 la 20 Martie 1991 ,prima asocia\u021bie din jude\u021b \u0219i printre primele din<br \/>\n\u021bar\u0103<\/p>\n<h3><strong>Scop<\/strong><\/h3>\n<\/li>\n<li>reprezentarea intereselor cresc\u0103torilor \u00een raport cu institu\u021biile statului \u0219i cu<br \/>\ndiver\u0219i beneficiari.<\/li>\n<li>sprijinirea cresc\u0103torilor asocia\u021bi \u00een cre\u0219terea numeric\u0103 \u0219i valoric\u0103 a<br \/>\nefectivelor,valorificarea produc\u021biilor ob\u021binute ,aprovizionarea cu furaje,<br \/>\n\u00eenlocuitori de lapte etc, ameliorarea efectivelor de animale , asimilarea de<br \/>\ncuno\u0219tinte privind problemele specifice din domeniu \u0219.a.<\/p>\n<h3><strong>Repere<\/strong><\/h3>\n<\/li>\n<li>s- a pornit cu 67 de cresc\u0103tori , ajung\u00eendu-se la peste 8000 ,din jude\u021b \u0219i din \u021bar\u0103<\/li>\n<li>v\u00eenzarea la export a peste 500 capete de t\u0103ura\u0219i pentru carne, la pre\u021buri cu<br \/>\ncirca 30% peste media pie\u021bei<\/li>\n<li>aprovizionarea cresc\u0103torilor cu peste 4000 de tone de furaje,concentrate \u0219i<br \/>\ninlocuitori de lapte , semin\u021be de plante furajere<\/li>\n<li>\u00eencep\u00eend cu 1995 ,tip\u0103rim periodicul \u201eBruna\u201d, prima revist\u0103 a unei asocia\u021bii<br \/>\nsimilare ap\u0103rut\u0103 \u00een Romania<\/li>\n<li>\u00eentre 1997-2001 am avut angaja\u021bi ,cu contract de munc\u0103 ,to\u021bi operatorii<br \/>\n\u00eens\u0103m\u00een\u021b\u0103tori din jude\u021b, acum avem o parte ,iar cu ceilal\u021bi avem contracte de<br \/>\ncolaborare<\/li>\n<li>\u00een 2002 am pornit ,pentru prima dat\u0103 \u00een Romania, o unitate de procesare a<br \/>\nlaptelui apartin\u00eend unei asocia\u021bii.<\/li>\n<li>din 2002 ,membru \u00een Federa\u021bia European\u0103 pentru rasa \u201eBrun\u0103\u201d<\/li>\n<li>\u00eentre 2007-2010 am avut responsabilitatea organiz\u0103rii controlului oficial al<br \/>\nproduc\u021biei de lapte \u00een jude\u021b<\/li>\n<li>\u00een prezent suntem asocia\u021bia jude\u021bean\u0103 acreditat\u0103 cu achizi\u021bia, depozitarea \u0219i<br \/>\ndifuzarea materialului seminal la taurine \u00een Maramure\u0219<\/li>\n<\/ul>\n<\/div>\n<\/div>\n<div class=\"row\">\n<div class=\"col-lg-10 col-lg-offset-1\">\n<div class=\"row\">\n<div class=\"col-lg-10 col-lg-offset-1\">\n<div style=\"display:flex;justify-content:center;align-items:center;\">\n<img loading=\"lazy\" src=\"http:\/\/asociatia-bruna.ro\/wp-content\/uploads\/2018\/02\/bruna010-5-725x1024.jpg\" alt=\"European Brown Swiss Federation - Asociatia Bruna Schwyz Maramures\" width=\"680\" height=\"960\" class=\"aligncenter size-large wp-image-111\" srcset=\"https:\/\/asociatia-bruna.ro\/wp-content\/uploads\/2018\/02\/bruna010-5-725x1024.jpg 725w, https:\/\/asociatia-bruna.ro\/wp-content\/uploads\/2018\/02\/bruna010-5-212x300.jpg 212w, https:\/\/asociatia-bruna.ro\/wp-content\/uploads\/2018\/02\/bruna010-5-768x1085.jpg 768w, https:\/\/asociatia-bruna.ro\/wp-content\/uploads\/2018\/02\/bruna010-5.jpg 1656w\" sizes=\"(max-width: 680px) 100vw, 680px\" \/>\n<\/div>\n<\/div>\n<\/div>\n<p><!--articolul din revista--><\/p>\n<div class=\"row\">\n<h3 style=\"text-align: center;\"><strong>15 ani \u00een Europa<\/strong><\/h3>\n<div class=\"col-lg-6 col-md-6 col-sm-12 col-xs-12\">At\u00e2t a trecut de c\u00e2nd Asocia\u0163ia noastr\u0103 are<br \/>\nprivilegiul de a fi membru cu drepturi depline \u00een<br \/>\nFedera\u0163ia European\u0103 a rasei \u201cBrun\u0103\u201d. Se \u00eent\u00e2mpla<br \/>\n\u00een 2002, cu 5 ani \u00eenainte de apartenen\u0163a Rom\u00e2niei<br \/>\nla U.E.<br \/>\nAm ajuns \u00een marea familie european\u0103 a rasei<br \/>\nal\u0103turi de Elve\u0163ia, Germania, Austria, Italia,<br \/>\nSpania, Fran\u0163a, Slovenia, \u0163\u0103ri \u00een care Bruna a atins<br \/>\nperforman\u0163e la care, nu cu mult timp \u00een urm\u0103, era<br \/>\ngreu s\u0103 aspiri.<br \/>\nAu fost ani \u00een care ne-am str\u0103duit s\u0103 \u0163inem<br \/>\naproape. Am participat la t\u00e2rgurile \u015fi manifest\u0103rile<br \/>\ntehnice de la ei, am fost raportori la Conferin\u0163e<br \/>\neuropene,am organizat conferin\u0163e na\u0163ionale,<br \/>\nexpozi\u0163ii locale, deplas\u0103ri de documentare,seminarii<br \/>\nprecum \u015fi dou\u0103 \u00eentruniri ale Comitetului director<br \/>\nal Federa\u0163iei Europene la Sighet, unde s-au luat<br \/>\ndecizii importante pentru viitorul rasei Brun\u0103.<br \/>\nAm deschis prima fabric\u0103 de capacitate mic\u0103 de<br \/>\nprocesare a laptelui ,av\u00e2nd asocia\u0163ia ca proprietar<br \/>\nunic, edit\u0103m revista \u201cBruna\u201d, prima publica\u0163ie a unei<\/div>\n<div class=\"col-lg-6 col-md-6 col-sm-12 col-xs-12\">asocia\u0163ii de cresc\u0103tori din domeniu, am tip\u0103rit<br \/>\nc\u0103r\u0163i cu informa\u0163ii de utilitate pentru cei interesa\u0163i,<br \/>\nam fost parte a unor Proiecte interna\u0163ionale care s\u0103<br \/>\nvin\u0103 \u00een sprijinul cresc\u0103torilor, am dus tone de furaje<br \/>\np\u00e2n\u0103 la poarta gospodarilor no\u015ftri, i-am sprijinit<br \/>\ns\u0103-\u015fi valorifice o parte din lapte \u015fi din animalele<br \/>\nproprii.<br \/>\nMiile de familii de membri asocia\u0163i, al\u0103turi de<br \/>\nspeciali\u015fti , au meritul de a fi dus de-a lungul anilor<br \/>\nasocia\u0163ia noastr\u0103 la ceea ce este acum. Ne oprim<br \/>\ndoar a marca angajarea \u00een principalul obiectiv &#8211;<br \/>\ncre\u015fterea numeric\u0103 \u015fi calitativ\u0103 a rasei \u201cBrun\u0103\u201d.<br \/>\nSprijinim direct cresc\u0103torii oferindu-le consultan\u0163\u0103,<br \/>\ndistribuim material seminal \u00een jude\u0163,avem operatori<br \/>\nI.A. angaja\u0163i \u015fi \u00een colaborare,suntem acredita\u0163i<br \/>\npentru efectuarea COP \u00een Maramure\u015f ,conducem<br \/>\nRegistrului genealogic la rasa \u201c Brun\u0103\u201d \u00een Rom\u00e2nia.<br \/>\nSunt c\u00e2teva \u201ctrepte\u201d \u00eenspre ce va s\u0103 fie. Cu &#8211; si<br \/>\npentru &#8211; rasa \u201cBrun\u0103\u201d \u015fi cei ce i se afl\u0103 \u00een preajm\u0103.<br \/>\nD.C.<\/div>\n<\/div>\n<p><!--articolul din revista end--><\/p>\n<\/div>\n<\/div>\n<div class=\"row\">\n<div class=\"col-lg-10 col-lg-offset-1\">\n<div style=\"display:flex;justify-content:center;align-items:center;\">\n<img loading=\"lazy\" src=\"http:\/\/asociatia-bruna.ro\/wp-content\/uploads\/2018\/02\/bruna011-1-937x1024.jpg\" alt=\"La Romania crede nella bruna - Asociatia Bruna Schwyz Maramures\" width=\"680\" height=\"743\" class=\"aligncenter size-large wp-image-116\" srcset=\"https:\/\/asociatia-bruna.ro\/wp-content\/uploads\/2018\/02\/bruna011-1-937x1024.jpg 937w, https:\/\/asociatia-bruna.ro\/wp-content\/uploads\/2018\/02\/bruna011-1-275x300.jpg 275w, https:\/\/asociatia-bruna.ro\/wp-content\/uploads\/2018\/02\/bruna011-1-768x839.jpg 768w\" sizes=\"(max-width: 680px) 100vw, 680px\" \/>\n<\/div>\n<\/div>\n<\/div>\n<div class=\"row\">\n<div class=\"col-lg-10 col-lg-offset-1\">\n<div style=\"display:flex;justify-content:center;align-items:center;\">\n<img loading=\"lazy\" src=\"http:\/\/asociatia-bruna.ro\/wp-content\/uploads\/2018\/02\/bruna010-4-e1517475409599-1024x725.jpg\" alt=\"Diploma de excelenta - Asociatia Bruna Schwyz Maramures\" width=\"680\" height=\"481\" class=\"aligncenter size-large wp-image-110\" srcset=\"https:\/\/asociatia-bruna.ro\/wp-content\/uploads\/2018\/02\/bruna010-4-e1517475409599-1024x725.jpg 1024w, https:\/\/asociatia-bruna.ro\/wp-content\/uploads\/2018\/02\/bruna010-4-e1517475409599-300x212.jpg 300w, https:\/\/asociatia-bruna.ro\/wp-content\/uploads\/2018\/02\/bruna010-4-e1517475409599-768x544.jpg 768w\" sizes=\"(max-width: 680px) 100vw, 680px\" \/>\n<\/div>\n<\/div>\n<\/div>\n","protected":false},"excerpt":{"rendered":"<p>Asocia\u021bia Cresc\u0103torilor de Taurine\u201dBruna-Schwyz\u201d- Maramure\u0219 \u00eenfiin\u021bat\u0103 la 20 Martie 1991 ,prima asocia\u021bie din jude\u021b \u0219i printre primele din \u021bar\u0103 Scop reprezentarea intereselor cresc\u0103torilor \u00een raport cu institu\u021biile statului \u0219i cu diver\u0219i beneficiari. sprijinirea cresc\u0103torilor asocia\u021bi \u00een cre\u0219terea numeric\u0103 \u0219i valoric\u0103 a efectivelor,valorificarea produc\u021biilor ob\u021binute ,aprovizionarea cu furaje, \u00eenlocuitori de lapte etc, ameliorarea efectivelor de animale [&hellip;]<\/p>\n","protected":false},"author":1,"featured_media":0,"parent":7,"menu_order":0,"comment_status":"closed","ping_status":"closed","template":"","meta":[],"yoast_head":"<!-- This site is optimized with the Yoast SEO plugin v17.7.1 - https:\/\/yoast.com\/wordpress\/plugins\/seo\/ -->\n<title>Despre Asociatie | Asocia\u021bia Bruna Schwyz Maramure\u0219<\/title>\n<meta name=\"robots\" content=\"index, follow, max-snippet:-1, max-image-preview:large, max-video-preview:-1\" \/>\n<link rel=\"canonical\" href=\"https:\/\/asociatia-bruna.ro\/index.php\/asociatie\/despre-asociatie\/\" \/>\n<meta property=\"og:locale\" content=\"en_US\" \/>\n<meta property=\"og:type\" content=\"article\" \/>\n<meta property=\"og:title\" content=\"Despre Asociatie | Asocia\u021bia Bruna Schwyz Maramure\u0219\" \/>\n<meta property=\"og:description\" content=\"Asocia\u021bia Cresc\u0103torilor de Taurine\u201dBruna-Schwyz\u201d- Maramure\u0219 \u00eenfiin\u021bat\u0103 la 20 Martie 1991 ,prima asocia\u021bie din jude\u021b \u0219i printre primele din \u021bar\u0103 Scop reprezentarea intereselor cresc\u0103torilor \u00een raport cu institu\u021biile statului \u0219i cu diver\u0219i beneficiari. sprijinirea cresc\u0103torilor asocia\u021bi \u00een cre\u0219terea numeric\u0103 \u0219i valoric\u0103 a efectivelor,valorificarea produc\u021biilor ob\u021binute ,aprovizionarea cu furaje, \u00eenlocuitori de lapte etc, ameliorarea efectivelor de animale [&hellip;]\" \/>\n<meta property=\"og:url\" content=\"https:\/\/asociatia-bruna.ro\/index.php\/asociatie\/despre-asociatie\/\" \/>\n<meta property=\"og:site_name\" content=\"Asocia\u021bia Bruna Schwyz Maramure\u0219\" \/>\n<meta property=\"article:modified_time\" content=\"2018-02-05T13:29:42+00:00\" \/>\n<meta property=\"og:image\" content=\"http:\/\/asociatia-bruna.ro\/wp-content\/uploads\/2018\/02\/bruna010-5-725x1024.jpg\" \/>\n<meta name=\"twitter:card\" content=\"summary_large_image\" \/>\n<meta name=\"twitter:label1\" content=\"Est. reading time\" \/>\n\t<meta name=\"twitter:data1\" content=\"3 minutes\" \/>\n<script type=\"application\/ld+json\" class=\"yoast-schema-graph\">{\"@context\":\"https:\/\/schema.org\",\"@graph\":[{\"@type\":\"WebSite\",\"@id\":\"https:\/\/asociatia-bruna.ro\/#website\",\"url\":\"https:\/\/asociatia-bruna.ro\/\",\"name\":\"Asocia\\u021bia Bruna Schwyz Maramure\\u0219\",\"description\":\"Scopul nostru este acela de a reprezenta interesele cresc\\u0103torilor \\u00een raport cu institu\\u021biile statului \\u0219i cu diver\\u0219i beneficiari, sprijinirea acestora \\u00een cre\\u0219terea numeric\\u0103 \\u0219i valoric\\u0103 a efectivelor de animale, valorificarea produc\\u021biilor ob\\u021binute, aprovizionarea cu furaje, \\u00eenlocuitori de lapte, ameliorarea efectivelor de animale.\",\"potentialAction\":[{\"@type\":\"SearchAction\",\"target\":{\"@type\":\"EntryPoint\",\"urlTemplate\":\"https:\/\/asociatia-bruna.ro\/?s={search_term_string}\"},\"query-input\":\"required name=search_term_string\"}],\"inLanguage\":\"en-US\"},{\"@type\":\"ImageObject\",\"@id\":\"https:\/\/asociatia-bruna.ro\/index.php\/asociatie\/despre-asociatie\/#primaryimage\",\"inLanguage\":\"en-US\",\"url\":\"http:\/\/asociatia-bruna.ro\/wp-content\/uploads\/2018\/02\/bruna010-5-725x1024.jpg\",\"contentUrl\":\"http:\/\/asociatia-bruna.ro\/wp-content\/uploads\/2018\/02\/bruna010-5-725x1024.jpg\"},{\"@type\":\"WebPage\",\"@id\":\"https:\/\/asociatia-bruna.ro\/index.php\/asociatie\/despre-asociatie\/#webpage\",\"url\":\"https:\/\/asociatia-bruna.ro\/index.php\/asociatie\/despre-asociatie\/\",\"name\":\"Despre Asociatie | Asocia\\u021bia Bruna Schwyz Maramure\\u0219\",\"isPartOf\":{\"@id\":\"https:\/\/asociatia-bruna.ro\/#website\"},\"primaryImageOfPage\":{\"@id\":\"https:\/\/asociatia-bruna.ro\/index.php\/asociatie\/despre-asociatie\/#primaryimage\"},\"datePublished\":\"2018-01-30T09:02:11+00:00\",\"dateModified\":\"2018-02-05T13:29:42+00:00\",\"breadcrumb\":{\"@id\":\"https:\/\/asociatia-bruna.ro\/index.php\/asociatie\/despre-asociatie\/#breadcrumb\"},\"inLanguage\":\"en-US\",\"potentialAction\":[{\"@type\":\"ReadAction\",\"target\":[\"https:\/\/asociatia-bruna.ro\/index.php\/asociatie\/despre-asociatie\/\"]}]},{\"@type\":\"BreadcrumbList\",\"@id\":\"https:\/\/asociatia-bruna.ro\/index.php\/asociatie\/despre-asociatie\/#breadcrumb\",\"itemListElement\":[{\"@type\":\"ListItem\",\"position\":1,\"name\":\"Home\",\"item\":\"https:\/\/asociatia-bruna.ro\/\"},{\"@type\":\"ListItem\",\"position\":2,\"name\":\"Asociatie\",\"item\":\"https:\/\/asociatia-bruna.ro\/index.php\/asociatie\/\"},{\"@type\":\"ListItem\",\"position\":3,\"name\":\"Despre Asociatie\"}]}]}<\/script>\n<!-- \/ Yoast SEO plugin. -->","yoast_head_json":{"title":"Despre Asociatie | Asocia\u021bia Bruna Schwyz Maramure\u0219","robots":{"index":"index","follow":"follow","max-snippet":"max-snippet:-1","max-image-preview":"max-image-preview:large","max-video-preview":"max-video-preview:-1"},"canonical":"https:\/\/asociatia-bruna.ro\/index.php\/asociatie\/despre-asociatie\/","og_locale":"en_US","og_type":"article","og_title":"Despre Asociatie | Asocia\u021bia Bruna Schwyz Maramure\u0219","og_description":"Asocia\u021bia Cresc\u0103torilor de Taurine\u201dBruna-Schwyz\u201d- Maramure\u0219 \u00eenfiin\u021bat\u0103 la 20 Martie 1991 ,prima asocia\u021bie din jude\u021b \u0219i printre primele din \u021bar\u0103 Scop reprezentarea intereselor cresc\u0103torilor \u00een raport cu institu\u021biile statului \u0219i cu diver\u0219i beneficiari. sprijinirea cresc\u0103torilor asocia\u021bi \u00een cre\u0219terea numeric\u0103 \u0219i valoric\u0103 a efectivelor,valorificarea produc\u021biilor ob\u021binute ,aprovizionarea cu furaje, \u00eenlocuitori de lapte etc, ameliorarea efectivelor de animale [&hellip;]","og_url":"https:\/\/asociatia-bruna.ro\/index.php\/asociatie\/despre-asociatie\/","og_site_name":"Asocia\u021bia Bruna Schwyz Maramure\u0219","article_modified_time":"2018-02-05T13:29:42+00:00","og_image":[{"url":"http:\/\/asociatia-bruna.ro\/wp-content\/uploads\/2018\/02\/bruna010-5-725x1024.jpg"}],"twitter_card":"summary_large_image","twitter_misc":{"Est. reading time":"3 minutes"},"schema":{"@context":"https:\/\/schema.org","@graph":[{"@type":"WebSite","@id":"https:\/\/asociatia-bruna.ro\/#website","url":"https:\/\/asociatia-bruna.ro\/","name":"Asocia\u021bia Bruna Schwyz Maramure\u0219","description":"Scopul nostru este acela de a reprezenta interesele cresc\u0103torilor \u00een raport cu institu\u021biile statului \u0219i cu diver\u0219i beneficiari, sprijinirea acestora \u00een cre\u0219terea numeric\u0103 \u0219i valoric\u0103 a efectivelor de animale, valorificarea produc\u021biilor ob\u021binute, aprovizionarea cu furaje, \u00eenlocuitori de lapte, ameliorarea efectivelor de animale.","potentialAction":[{"@type":"SearchAction","target":{"@type":"EntryPoint","urlTemplate":"https:\/\/asociatia-bruna.ro\/?s={search_term_string}"},"query-input":"required name=search_term_string"}],"inLanguage":"en-US"},{"@type":"ImageObject","@id":"https:\/\/asociatia-bruna.ro\/index.php\/asociatie\/despre-asociatie\/#primaryimage","inLanguage":"en-US","url":"http:\/\/asociatia-bruna.ro\/wp-content\/uploads\/2018\/02\/bruna010-5-725x1024.jpg","contentUrl":"http:\/\/asociatia-bruna.ro\/wp-content\/uploads\/2018\/02\/bruna010-5-725x1024.jpg"},{"@type":"WebPage","@id":"https:\/\/asociatia-bruna.ro\/index.php\/asociatie\/despre-asociatie\/#webpage","url":"https:\/\/asociatia-bruna.ro\/index.php\/asociatie\/despre-asociatie\/","name":"Despre Asociatie | Asocia\u021bia Bruna Schwyz Maramure\u0219","isPartOf":{"@id":"https:\/\/asociatia-bruna.ro\/#website"},"primaryImageOfPage":{"@id":"https:\/\/asociatia-bruna.ro\/index.php\/asociatie\/despre-asociatie\/#primaryimage"},"datePublished":"2018-01-30T09:02:11+00:00","dateModified":"2018-02-05T13:29:42+00:00","breadcrumb":{"@id":"https:\/\/asociatia-bruna.ro\/index.php\/asociatie\/despre-asociatie\/#breadcrumb"},"inLanguage":"en-US","potentialAction":[{"@type":"ReadAction","target":["https:\/\/asociatia-bruna.ro\/index.php\/asociatie\/despre-asociatie\/"]}]},{"@type":"BreadcrumbList","@id":"https:\/\/asociatia-bruna.ro\/index.php\/asociatie\/despre-asociatie\/#breadcrumb","itemListElement":[{"@type":"ListItem","position":1,"name":"Home","item":"https:\/\/asociatia-bruna.ro\/"},{"@type":"ListItem","position":2,"name":"Asociatie","item":"https:\/\/asociatia-bruna.ro\/index.php\/asociatie\/"},{"@type":"ListItem","position":3,"name":"Despre Asociatie"}]}]}},"_links":{"self":[{"href":"https:\/\/asociatia-bruna.ro\/index.php\/wp-json\/wp\/v2\/pages\/9"}],"collection":[{"href":"https:\/\/asociatia-bruna.ro\/index.php\/wp-json\/wp\/v2\/pages"}],"about":[{"href":"https:\/\/asociatia-bruna.ro\/index.php\/wp-json\/wp\/v2\/types\/page"}],"author":[{"embeddable":true,"href":"https:\/\/asociatia-bruna.ro\/index.php\/wp-json\/wp\/v2\/users\/1"}],"replies":[{"embeddable":true,"href":"https:\/\/asociatia-bruna.ro\/index.php\/wp-json\/wp\/v2\/comments?post=9"}],"version-history":[{"count":21,"href":"https:\/\/asociatia-bruna.ro\/index.php\/wp-json\/wp\/v2\/pages\/9\/revisions"}],"predecessor-version":[{"id":147,"href":"https:\/\/asociatia-bruna.ro\/index.php\/wp-json\/wp\/v2\/pages\/9\/revisions\/147"}],"up":[{"embeddable":true,"href":"https:\/\/asociatia-bruna.ro\/index.php\/wp-json\/wp\/v2\/pages\/7"}],"wp:attachment":[{"href":"https:\/\/asociatia-bruna.ro\/index.php\/wp-json\/wp\/v2\/media?parent=9"}],"curies":[{"name":"wp","href":"https:\/\/api.w.org\/{rel}","templated":true}]}}